{"id":5552,"date":"2023-04-12T14:08:07","date_gmt":"2023-04-12T14:08:07","guid":{"rendered":"https:\/\/www.swident.it\/?page_id=5552"},"modified":"2023-10-25T10:35:22","modified_gmt":"2023-10-25T10:35:22","slug":"privacy-policy","status":"publish","type":"page","link":"https:\/\/www.swident.it\/fr\/privacy-policy\/","title":{"rendered":"Politique de confidentialit\u00e9"},"content":{"rendered":"<div class=\"fusion-fullwidth fullwidth-box fusion-builder-row-1 fusion-flex-container has-pattern-background has-mask-background nonhundred-percent-fullwidth non-hundred-percent-height-scrolling\" style=\"--awb-border-radius-top-left:0px;--awb-border-radius-top-right:0px;--awb-border-radius-bottom-right:0px;--awb-border-radius-bottom-left:0px;--awb-padding-top:40px;--awb-flex-wrap:wrap;\" ><div class=\"fusion-builder-row fusion-row fusion-flex-align-items-flex-start fusion-flex-content-wrap\" style=\"max-width:1248px;margin-left: calc(-4% \/ 2 );margin-right: calc(-4% \/ 2 );\"><div class=\"fusion-layout-column fusion_builder_column fusion-builder-column-0 fusion_builder_column_1_1 1_1 fusion-flex-column\" style=\"--awb-bg-size:cover;--awb-width-large:100%;--awb-margin-top-large:0px;--awb-spacing-right-large:1.92%;--awb-margin-bottom-large:20px;--awb-spacing-left-large:1.92%;--awb-width-medium:100%;--awb-order-medium:0;--awb-spacing-right-medium:1.92%;--awb-spacing-left-medium:1.92%;--awb-width-small:100%;--awb-order-small:0;--awb-spacing-right-small:1.92%;--awb-spacing-left-small:1.92%;\" data-scroll-devices=\"small-visibility,medium-visibility,large-visibility\"><div class=\"fusion-column-wrapper fusion-column-has-shadow fusion-flex-justify-content-flex-start fusion-content-layout-column\"><div class=\"fusion-title title fusion-title-1 fusion-sep-none fusion-title-text fusion-title-size-four\" style=\"--awb-margin-bottom:30px;--awb-margin-top-small:10px;--awb-margin-right-small:0px;--awb-margin-bottom-small:10px;--awb-margin-left-small:0px;\"><h4 class=\"fusion-title-heading title-heading-left\" style=\"margin:0;\">Informations sur le traitement des donn\u00e9es personnelles conform\u00e9ment \u00e0 l&rsquo;article 13 du d\u00e9cret l\u00e9gislatif n. 196\/2003.<\/h4><\/div><ul style=\"--awb-line-height:27.2px;--awb-icon-width:27.2px;--awb-icon-height:27.2px;--awb-icon-margin:11.2px;--awb-content-margin:38.4px;--awb-circlecolor:var(--awb-color5);--awb-circle-yes-font-size:14.08px;\" class=\"fusion-checklist fusion-checklist-1 fusion-checklist-default type-icons\"><li class=\"fusion-li-item\" style=\"\"><span class=\"icon-wrapper circle-yes\"><i class=\"fusion-li-icon fa-arrow-right fas\" aria-hidden=\"true\"><\/i><\/span><div class=\"fusion-li-item-content\"><a href=\"https:\/\/www.privacylab.it\/formazione.php?07629351917\" target=\"_blank\" rel=\"noopener\">Informations sur les contacts de la soci\u00e9t\u00e9 client Swident<\/a><\/div><\/li><li class=\"fusion-li-item\" style=\"\"><span class=\"icon-wrapper circle-yes\"><i class=\"fusion-li-icon fa-arrow-right fas\" aria-hidden=\"true\"><\/i><\/span><div class=\"fusion-li-item-content\"><a href=\"https:\/\/www.privacylab.it\/formazione.php?07629351913\" target=\"_blank\" rel=\"noopener\">Informations sur les contacts des soci\u00e9t\u00e9s fournisseurs de Swident<\/a><\/div><\/li><li class=\"fusion-li-item\" style=\"\"><span class=\"icon-wrapper circle-yes\"><i class=\"fusion-li-icon fa-arrow-right fas\" aria-hidden=\"true\"><\/i><\/span><div class=\"fusion-li-item-content\"><a href=\"https:\/\/www.privacylab.it\/formazione.php?07629351914\" target=\"_blank\" rel=\"noopener\">Informations sur le navigateur du site Web Swident<\/a><\/div><\/li><\/ul><\/div><\/div><\/div><\/div>\n","protected":false},"excerpt":{"rendered":"","protected":false},"author":1,"featured_media":4656,"parent":0,"menu_order":0,"comment_status":"closed","ping_status":"closed","template":"100-width.php","meta":{"footnotes":""},"class_list":["post-5552","page","type-page","status-publish","has-post-thumbnail","hentry"],"yoast_head":"<!-- This site is optimized with the Yoast SEO plugin v27.3 - https:\/\/yoast.com\/product\/yoast-seo-wordpress\/ -->\n<title>Politique de confidentialit\u00e9 - Riuniti Odontoiatrici Swident<\/title>\n<meta name=\"robots\" content=\"index, follow, max-snippet:-1, max-image-preview:large, max-video-preview:-1\" \/>\n<link rel=\"canonical\" href=\"https:\/\/www.swident.it\/fr\/privacy-policy\/\" \/>\n<meta property=\"og:locale\" content=\"fr_FR\" \/>\n<meta property=\"og:type\" content=\"article\" \/>\n<meta property=\"og:title\" content=\"Politique de confidentialit\u00e9 - Riuniti Odontoiatrici Swident\" \/>\n<meta property=\"og:url\" content=\"https:\/\/www.swident.it\/fr\/privacy-policy\/\" \/>\n<meta property=\"og:site_name\" content=\"Riuniti Odontoiatrici Swident\" \/>\n<meta property=\"article:modified_time\" content=\"2023-10-25T10:35:22+00:00\" \/>\n<meta property=\"og:image\" content=\"https:\/\/www.swident.it\/wp-content\/uploads\/2023\/04\/header-riuniti-odontoiatrici.jpg\" \/>\n\t<meta property=\"og:image:width\" content=\"1920\" \/>\n\t<meta property=\"og:image:height\" content=\"1005\" \/>\n\t<meta property=\"og:image:type\" content=\"image\/jpeg\" \/>\n<meta name=\"twitter:card\" content=\"summary_large_image\" \/>\n<meta name=\"twitter:label1\" content=\"Dur\u00e9e de lecture estim\u00e9e\" \/>\n\t<meta name=\"twitter:data1\" content=\"7 minutes\" \/>\n<script type=\"application\/ld+json\" class=\"yoast-schema-graph\">{\"@context\":\"https:\\\/\\\/schema.org\",\"@graph\":[{\"@type\":\"WebPage\",\"@id\":\"https:\\\/\\\/www.swident.it\\\/fr\\\/privacy-policy\\\/\",\"url\":\"https:\\\/\\\/www.swident.it\\\/fr\\\/privacy-policy\\\/\",\"name\":\"Politique de confidentialit\u00e9 - Riuniti Odontoiatrici Swident\",\"isPartOf\":{\"@id\":\"https:\\\/\\\/www.swident.it\\\/#website\"},\"primaryImageOfPage\":{\"@id\":\"https:\\\/\\\/www.swident.it\\\/fr\\\/privacy-policy\\\/#primaryimage\"},\"image\":{\"@id\":\"https:\\\/\\\/www.swident.it\\\/fr\\\/privacy-policy\\\/#primaryimage\"},\"thumbnailUrl\":\"https:\\\/\\\/www.swident.it\\\/wp-content\\\/uploads\\\/2023\\\/04\\\/header-riuniti-odontoiatrici.jpg\",\"datePublished\":\"2023-04-12T14:08:07+00:00\",\"dateModified\":\"2023-10-25T10:35:22+00:00\",\"breadcrumb\":{\"@id\":\"https:\\\/\\\/www.swident.it\\\/fr\\\/privacy-policy\\\/#breadcrumb\"},\"inLanguage\":\"fr-FR\",\"potentialAction\":[{\"@type\":\"ReadAction\",\"target\":[\"https:\\\/\\\/www.swident.it\\\/fr\\\/privacy-policy\\\/\"]}]},{\"@type\":\"ImageObject\",\"inLanguage\":\"fr-FR\",\"@id\":\"https:\\\/\\\/www.swident.it\\\/fr\\\/privacy-policy\\\/#primaryimage\",\"url\":\"https:\\\/\\\/www.swident.it\\\/wp-content\\\/uploads\\\/2023\\\/04\\\/header-riuniti-odontoiatrici.jpg\",\"contentUrl\":\"https:\\\/\\\/www.swident.it\\\/wp-content\\\/uploads\\\/2023\\\/04\\\/header-riuniti-odontoiatrici.jpg\",\"width\":1920,\"height\":1005},{\"@type\":\"BreadcrumbList\",\"@id\":\"https:\\\/\\\/www.swident.it\\\/fr\\\/privacy-policy\\\/#breadcrumb\",\"itemListElement\":[{\"@type\":\"ListItem\",\"position\":1,\"name\":\"Home\",\"item\":\"https:\\\/\\\/www.swident.it\\\/fr\\\/home\\\/\"},{\"@type\":\"ListItem\",\"position\":2,\"name\":\"Politique de confidentialit\u00e9\"}]},{\"@type\":\"WebSite\",\"@id\":\"https:\\\/\\\/www.swident.it\\\/#website\",\"url\":\"https:\\\/\\\/www.swident.it\\\/\",\"name\":\"Riuniti Odontoiatrici Swident\",\"description\":\"\",\"publisher\":{\"@id\":\"https:\\\/\\\/www.swident.it\\\/#organization\"},\"potentialAction\":[{\"@type\":\"SearchAction\",\"target\":{\"@type\":\"EntryPoint\",\"urlTemplate\":\"https:\\\/\\\/www.swident.it\\\/?s={search_term_string}\"},\"query-input\":{\"@type\":\"PropertyValueSpecification\",\"valueRequired\":true,\"valueName\":\"search_term_string\"}}],\"inLanguage\":\"fr-FR\"},{\"@type\":\"Organization\",\"@id\":\"https:\\\/\\\/www.swident.it\\\/#organization\",\"name\":\"Riuniti Odontoiatrici Swident\",\"url\":\"https:\\\/\\\/www.swident.it\\\/\",\"logo\":{\"@type\":\"ImageObject\",\"inLanguage\":\"fr-FR\",\"@id\":\"https:\\\/\\\/www.swident.it\\\/#\\\/schema\\\/logo\\\/image\\\/\",\"url\":\"https:\\\/\\\/www.swident.it\\\/wp-content\\\/uploads\\\/2022\\\/08\\\/logo.png\",\"contentUrl\":\"https:\\\/\\\/www.swident.it\\\/wp-content\\\/uploads\\\/2022\\\/08\\\/logo.png\",\"width\":1556,\"height\":285,\"caption\":\"Riuniti Odontoiatrici Swident\"},\"image\":{\"@id\":\"https:\\\/\\\/www.swident.it\\\/#\\\/schema\\\/logo\\\/image\\\/\"}}]}<\/script>\n<!-- \/ Yoast SEO plugin. -->","yoast_head_json":{"title":"Politique de confidentialit\u00e9 - Riuniti Odontoiatrici Swident","robots":{"index":"index","follow":"follow","max-snippet":"max-snippet:-1","max-image-preview":"max-image-preview:large","max-video-preview":"max-video-preview:-1"},"canonical":"https:\/\/www.swident.it\/fr\/privacy-policy\/","og_locale":"fr_FR","og_type":"article","og_title":"Politique de confidentialit\u00e9 - Riuniti Odontoiatrici Swident","og_url":"https:\/\/www.swident.it\/fr\/privacy-policy\/","og_site_name":"Riuniti Odontoiatrici Swident","article_modified_time":"2023-10-25T10:35:22+00:00","og_image":[{"width":1920,"height":1005,"url":"https:\/\/www.swident.it\/wp-content\/uploads\/2023\/04\/header-riuniti-odontoiatrici.jpg","type":"image\/jpeg"}],"twitter_card":"summary_large_image","twitter_misc":{"Dur\u00e9e de lecture estim\u00e9e":"7 minutes"},"schema":{"@context":"https:\/\/schema.org","@graph":[{"@type":"WebPage","@id":"https:\/\/www.swident.it\/fr\/privacy-policy\/","url":"https:\/\/www.swident.it\/fr\/privacy-policy\/","name":"Politique de confidentialit\u00e9 - Riuniti Odontoiatrici Swident","isPartOf":{"@id":"https:\/\/www.swident.it\/#website"},"primaryImageOfPage":{"@id":"https:\/\/www.swident.it\/fr\/privacy-policy\/#primaryimage"},"image":{"@id":"https:\/\/www.swident.it\/fr\/privacy-policy\/#primaryimage"},"thumbnailUrl":"https:\/\/www.swident.it\/wp-content\/uploads\/2023\/04\/header-riuniti-odontoiatrici.jpg","datePublished":"2023-04-12T14:08:07+00:00","dateModified":"2023-10-25T10:35:22+00:00","breadcrumb":{"@id":"https:\/\/www.swident.it\/fr\/privacy-policy\/#breadcrumb"},"inLanguage":"fr-FR","potentialAction":[{"@type":"ReadAction","target":["https:\/\/www.swident.it\/fr\/privacy-policy\/"]}]},{"@type":"ImageObject","inLanguage":"fr-FR","@id":"https:\/\/www.swident.it\/fr\/privacy-policy\/#primaryimage","url":"https:\/\/www.swident.it\/wp-content\/uploads\/2023\/04\/header-riuniti-odontoiatrici.jpg","contentUrl":"https:\/\/www.swident.it\/wp-content\/uploads\/2023\/04\/header-riuniti-odontoiatrici.jpg","width":1920,"height":1005},{"@type":"BreadcrumbList","@id":"https:\/\/www.swident.it\/fr\/privacy-policy\/#breadcrumb","itemListElement":[{"@type":"ListItem","position":1,"name":"Home","item":"https:\/\/www.swident.it\/fr\/home\/"},{"@type":"ListItem","position":2,"name":"Politique de confidentialit\u00e9"}]},{"@type":"WebSite","@id":"https:\/\/www.swident.it\/#website","url":"https:\/\/www.swident.it\/","name":"Riuniti Odontoiatrici Swident","description":"","publisher":{"@id":"https:\/\/www.swident.it\/#organization"},"potentialAction":[{"@type":"SearchAction","target":{"@type":"EntryPoint","urlTemplate":"https:\/\/www.swident.it\/?s={search_term_string}"},"query-input":{"@type":"PropertyValueSpecification","valueRequired":true,"valueName":"search_term_string"}}],"inLanguage":"fr-FR"},{"@type":"Organization","@id":"https:\/\/www.swident.it\/#organization","name":"Riuniti Odontoiatrici Swident","url":"https:\/\/www.swident.it\/","logo":{"@type":"ImageObject","inLanguage":"fr-FR","@id":"https:\/\/www.swident.it\/#\/schema\/logo\/image\/","url":"https:\/\/www.swident.it\/wp-content\/uploads\/2022\/08\/logo.png","contentUrl":"https:\/\/www.swident.it\/wp-content\/uploads\/2022\/08\/logo.png","width":1556,"height":285,"caption":"Riuniti Odontoiatrici Swident"},"image":{"@id":"https:\/\/www.swident.it\/#\/schema\/logo\/image\/"}}]}},"_links":{"self":[{"href":"https:\/\/www.swident.it\/fr\/wp-json\/wp\/v2\/pages\/5552","targetHints":{"allow":["GET"]}}],"collection":[{"href":"https:\/\/www.swident.it\/fr\/wp-json\/wp\/v2\/pages"}],"about":[{"href":"https:\/\/www.swident.it\/fr\/wp-json\/wp\/v2\/types\/page"}],"author":[{"embeddable":true,"href":"https:\/\/www.swident.it\/fr\/wp-json\/wp\/v2\/users\/1"}],"replies":[{"embeddable":true,"href":"https:\/\/www.swident.it\/fr\/wp-json\/wp\/v2\/comments?post=5552"}],"version-history":[{"count":0,"href":"https:\/\/www.swident.it\/fr\/wp-json\/wp\/v2\/pages\/5552\/revisions"}],"wp:featuredmedia":[{"embeddable":true,"href":"https:\/\/www.swident.it\/fr\/wp-json\/wp\/v2\/media\/4656"}],"wp:attachment":[{"href":"https:\/\/www.swident.it\/fr\/wp-json\/wp\/v2\/media?parent=5552"}],"curies":[{"name":"wp","href":"https:\/\/api.w.org\/{rel}","templated":true}]}}